{"id":70,"date":"2018-09-02T18:44:37","date_gmt":"2018-09-02T10:44:37","guid":{"rendered":"http:\/\/www.britetechs.com\/demo\/themes\/hotelone\/?page_id=4"},"modified":"2023-06-08T03:25:57","modified_gmt":"2023-06-08T03:25:57","slug":"home-2","status":"publish","type":"page","link":"https:\/\/truonganairporthotel.com\/","title":{"rendered":"Home"},"content":{"rendered":"\n<p><\/p>\n\n\n\n<p><\/p>\n\n\n<div class=\"wp-block-image is-style-default\">\n<figure class=\"alignleft size-large is-resized\"><img loading=\"lazy\" decoding=\"async\" src=\"https:\/\/truonganairporthotel.com\/wp-content\/uploads\/2023\/05\/11-1-1024x682.jpg\" alt=\"\" class=\"wp-image-161\" width=\"535\" height=\"403\"\/><\/figure>\n<\/div>\n\n\n<p class=\"has-large-font-size\"><strong>Kh\u00e1ch s\u1ea1n Tr\u01b0\u1eddng An<\/strong><\/p>\n\n\n\n<p><strong>N\u1eb1m c\u00e1ch KCN Quang Minh 0,5km, c\u00e1ch S\u00e2n Bay N\u1ed9i B\u00e0i kho\u1ea3ng 3,5km<\/strong>, Kh\u00e1ch s\u1ea1n Tr\u01b0\u1eddng An Hotel \u0111\u01b0\u1ee3c x\u00e2y d\u1ef1ng m\u1edbi v\u1edbi trang thi\u1ebft b\u1ecb hi\u1ec7n \u0111\u1ea1i, cung c\u1ea5p d\u1ecbch v\u1ee5 \u0111\u01b0a \u0111\u00f3n S\u00e2n Bay, Khu c\u00f4ng nghi\u1ec7p (ph\u1ee5c v\u1ee5 24\/24). G\u1ea7n Kh\u00e1ch s\u1ea1n c\u00f3 nhi\u1ec1u nh\u00e0 h\u00e0ng, qu\u00e1n \u0103n ph\u00f9 h\u1ee3p v\u1edbi kh\u00e1ch \u0111o\u00e0n v\u00e0 kh\u00e1ch l\u01b0u tr\u00fa d\u00e0i ng\u00e0y. <\/p>\n\n\n\n<p>Tr\u01b0\u1eddng An Hotel cam k\u1ebft ph\u00f2ng \u1ed1c lu\u00f4n <strong>S\u1ea1ch S\u1ebd &#8211; \u00cam \u00c1i \u2013 An To\u00e0n<\/strong>, mang \u0111\u1ebfn c\u1ea3m gi\u00e1c tho\u1ea3i m\u00e1i v\u00e0 gi\u1ea5c ng\u1ee7 ngon, g\u00f3p ph\u1ea7n gi\u00fap chuy\u1ebfn \u0111i c\u00f4ng t\u00e1c th\u00e0nh c\u00f4ng tr\u1ecdn v\u1eb9n. <\/p>\n\n\n\n<p>R\u1ea5t h\u00e2n h\u1ea1nh \u0111\u01b0\u1ee3c ph\u1ee5c v\u1ee5 Qu\u00fd Kh\u00e1ch!<\/p>\n\n\n\n<p><\/p>\n\n\n\n<p><\/p>\n\n\n\n<p><\/p>\n\n\n\n<script type=\"text\/javascript\">\r\ndocument.addEventListener(\"DOMContentLoaded\", function(event) { \r\n\tjQuery( '#slider-pro-3-157' ).sliderPro({\r\n\t\t\/\/width\r\n\t\t\t\twidth: \"100%\",\r\n\t\t\t\t\r\n\t\t\/\/height\r\n\t\t\t\theight: 500,\r\n\t\t\t\t\r\n\t\t\/\/auto play\r\n\t\t\t\tautoplay:  true,\r\n\t\tautoplayOnHover: 'none',\r\n\t\t\t\t\t\t\t\tautoplayDelay: 5000,\r\n\t\t\r\n\t\t\r\n\t\tarrows: true,\r\n\t\tbuttons: false,\r\n\t\tsmallSize: 500,\r\n\t\tmediumSize: 1000,\r\n\t\tlargeSize: 3000,\r\n\t\tfade: true,\r\n\t\t\r\n\t\t\/\/thumbnail\r\n\t\tthumbnailArrows: true,\r\n\t\tthumbnailWidth: 120,\r\n\t\tthumbnailHeight: 120,\r\n\t\t\t\t\t\tthumbnailsPosition: 'bottom',\r\n\t\t\t\t\t\tthumbnailPointer: true, \r\n\t\t\t\tcenterImage: true,\r\n\t\timageScaleMode: 'cover',\r\n\t\tallowScaleUp: true,\r\n\t\t\t\tstartSlide: 0,\r\n\t\tloop: true,\r\n\t\tslideDistance: 5,\r\n\t\tautoplayDirection: 'normal',\r\n\t\ttouchSwipe: true,\r\n\t\tfullScreen: true,\r\n\t});\r\n});\r\n<\/script>\r\n<style>\r\n\/* Layout 3 *\/\r\n\/* border *\/\r\n\r\n\/* font + color *\/\r\n.title-in  {\r\n\tfont-family: Arial !important;\r\n\tcolor: #FFFFFF !important;\r\n\tbackground-color: #000000 !important;\r\n\topacity: 0.7 !important;\r\n}\r\n.desc-in  {\r\n\tfont-family: Arial !important;\r\n\tcolor: #FFFFFF !important;\r\n\tbackground-color: #00000 !important;\r\n\topacity: 0.7 !important;\r\n}\r\n\r\n\/* bullets color *\/\r\n.sp-button  {\r\n\tborder: 2px solid #000000 !important;\r\n}\r\n.sp-selected-button  {\r\n\tbackground-color: #000000 !important;\r\n}\r\n\r\n\/* pointer color - bottom *\/\r\n.sp-selected-thumbnail::before {\r\n\tborder-bottom: 5px solid #c6afaf !important;\r\n}\r\n.sp-selected-thumbnail::after {\r\n\tborder-bottom: 13px solid #c6afaf !important;\r\n}\r\n\r\n\/* pointer color - top *\/\r\n\r\n\/* full screen icon *\/\r\n.sp-full-screen-button::before {\r\n    color: #FFFFFF !important;\r\n}\r\n\r\n\/* hover navigation icon color *\/\r\n.sp-next-arrow::after, .sp-next-arrow::before {\r\n\tbackground-color: #FFFFFF !important;\r\n}\r\n.sp-previous-arrow::after, .sp-previous-arrow::before {\r\n\tbackground-color: #FFFFFF !important;\r\n}\r\n\r\n#slider-pro-3-157 .title-in {\r\n\tcolor: #FFFFFF !important;\r\n\tfont-weight: bolder;\r\n\ttext-align: center;\r\n}\r\n\r\n#slider-pro-3-157 .title-in-bg {\r\n\tbackground: rgba(255, 255, 255, 0.7); !important;\r\n\twhite-space: unset !important;\r\n\tmax-width: 90%;\r\n\tmin-width: 40%;\r\n\ttransform: initial !important;\r\n\t-webkit-transform: initial !important;\r\n\tfont-size: 14px !important;\r\n}\r\n\r\n#slider-pro-3-157 .desc-in {\r\n\tcolor: #FFFFFF !important;\r\n\ttext-align: center;\r\n}\r\n#slider-pro-3-157 .desc-in-bg {\r\n\tbackground: rgba(#00000, 0.7) !important;\r\n\twhite-space: unset !important;\r\n\twidth: 80% !important;\r\n\tmin-width: 30%;\r\n\ttransform: initial !important;\r\n\t-webkit-transform: initial !important;\r\n\tfont-size: 13px !important;\r\n}\r\n\r\n@media (max-width: 640px) {\r\n\t#slider-pro-3-157 .hide-small-screen {\r\n\t\tdisplay: none;\r\n\t}\r\n}\r\n\r\n@media (max-width: 860px) {\r\n\t#slider-pro-3-157 .sp-layer {\r\n\t\tfont-size: 18px;\r\n\t}\r\n\t\r\n\t#slider-pro-3-157 .hide-medium-screen {\r\n\t\tdisplay: none;\r\n\t}\r\n}\r\n.slides-not-found {\r\n\tbackground-color: #a92929;\r\n\tborder-radius: 5px;\r\n\tcolor: #fff;\r\n\tfont-family: initial;\r\n\ttext-align: center;\r\n\tpadding:12px;\r\n}\r\n\/* Custom CSS *\/\r\n<\/style>\r\n\t\t<div id=\"slider-pro-3-157\" class=\"slider-pro\">\r\n\t\t\t<!---- slides div start ---->\r\n\t\t\t<div class=\"sp-slides\">\r\n\t\t\t\t\t\t\t\t\t\t<div class=\"sp-slide\">\r\n\t\t\t\t\t\t\t<img decoding=\"async\" class=\"sp-image\" alt=\"z6796313399686_586c1c5322e5bfd8998fefc6e2c4b01c\" src=\"https:\/\/truonganairporthotel.com\/wp-content\/plugins\/ultimate-responsive-image-slider\/assets\/css\/images\/blank.gif\" data-src=\"https:\/\/truonganairporthotel.com\/wp-content\/uploads\/2025\/07\/z6796313399686_586c1c5322e5bfd8998fefc6e2c4b01c.jpg\" \/>\r\n\r\n\t\t\t\t\t\t\t\r\n\t\t\t\t\t\t\t\t\t\t\t\t\t<\/div>\r\n\t\t\t\t\t\t\t\t\t\t\t\t<div class=\"sp-slide\">\r\n\t\t\t\t\t\t\t<img decoding=\"async\" class=\"sp-image\" alt=\"z6796313462557_87d1b6ec5eb5b4d19cba57c462cc1646\" src=\"https:\/\/truonganairporthotel.com\/wp-content\/plugins\/ultimate-responsive-image-slider\/assets\/css\/images\/blank.gif\" data-src=\"https:\/\/truonganairporthotel.com\/wp-content\/uploads\/2025\/07\/z6796313462557_87d1b6ec5eb5b4d19cba57c462cc1646.jpg\" \/>\r\n\r\n\t\t\t\t\t\t\t\r\n\t\t\t\t\t\t\t\t\t\t\t\t\t<\/div>\r\n\t\t\t\t\t\t\t\t\t\t\t\t<div class=\"sp-slide\">\r\n\t\t\t\t\t\t\t<img decoding=\"async\" class=\"sp-image\" alt=\"z6796313462566_32d9f5f604aec40f3910b4c217e51fb3\" src=\"https:\/\/truonganairporthotel.com\/wp-content\/plugins\/ultimate-responsive-image-slider\/assets\/css\/images\/blank.gif\" data-src=\"https:\/\/truonganairporthotel.com\/wp-content\/uploads\/2025\/07\/z6796313462566_32d9f5f604aec40f3910b4c217e51fb3.jpg\" \/>\r\n\r\n\t\t\t\t\t\t\t\r\n\t\t\t\t\t\t\t\t\t\t\t\t\t<\/div>\r\n\t\t\t\t\t\t\t\t\t\t\t\t<div class=\"sp-slide\">\r\n\t\t\t\t\t\t\t<img decoding=\"async\" class=\"sp-image\" alt=\"z6796313462562_55f12a22342a2e791163c4e020038501\" src=\"https:\/\/truonganairporthotel.com\/wp-content\/plugins\/ultimate-responsive-image-slider\/assets\/css\/images\/blank.gif\" data-src=\"https:\/\/truonganairporthotel.com\/wp-content\/uploads\/2025\/07\/z6796313462562_55f12a22342a2e791163c4e020038501.jpg\" \/>\r\n\r\n\t\t\t\t\t\t\t\r\n\t\t\t\t\t\t\t\t\t\t\t\t\t<\/div>\r\n\t\t\t\t\t\t\t\t\t\t\t\t<div class=\"sp-slide\">\r\n\t\t\t\t\t\t\t<img decoding=\"async\" class=\"sp-image\" alt=\"z6796313462448_bfb13b561c192cb58c66ddcd681bac20\" src=\"https:\/\/truonganairporthotel.com\/wp-content\/plugins\/ultimate-responsive-image-slider\/assets\/css\/images\/blank.gif\" data-src=\"https:\/\/truonganairporthotel.com\/wp-content\/uploads\/2025\/07\/z6796313462448_bfb13b561c192cb58c66ddcd681bac20.jpg\" \/>\r\n\r\n\t\t\t\t\t\t\t\r\n\t\t\t\t\t\t\t\t\t\t\t\t\t<\/div>\r\n\t\t\t\t\t\t\t\t\t\t\t\t<div class=\"sp-slide\">\r\n\t\t\t\t\t\t\t<img decoding=\"async\" class=\"sp-image\" alt=\"z6796313399692_054669f106f943677f3236218f1cfc24\" src=\"https:\/\/truonganairporthotel.com\/wp-content\/plugins\/ultimate-responsive-image-slider\/assets\/css\/images\/blank.gif\" data-src=\"https:\/\/truonganairporthotel.com\/wp-content\/uploads\/2025\/07\/z6796313399692_054669f106f943677f3236218f1cfc24.jpg\" \/>\r\n\r\n\t\t\t\t\t\t\t\r\n\t\t\t\t\t\t\t\t\t\t\t\t\t<\/div>\r\n\t\t\t\t\t\t\t\t\t\t\t\t<div class=\"sp-slide\">\r\n\t\t\t\t\t\t\t<img decoding=\"async\" class=\"sp-image\" alt=\"z6796313462563_ff9f6334fa3f31365c1e6fcd72bc6ff8\" src=\"https:\/\/truonganairporthotel.com\/wp-content\/plugins\/ultimate-responsive-image-slider\/assets\/css\/images\/blank.gif\" data-src=\"https:\/\/truonganairporthotel.com\/wp-content\/uploads\/2025\/07\/z6796313462563_ff9f6334fa3f31365c1e6fcd72bc6ff8.jpg\" \/>\r\n\r\n\t\t\t\t\t\t\t\r\n\t\t\t\t\t\t\t\t\t\t\t\t\t<\/div>\r\n\t\t\t\t\t\t\t\t\t\t\t\t<div class=\"sp-slide\">\r\n\t\t\t\t\t\t\t<img decoding=\"async\" class=\"sp-image\" alt=\"z6796313462559_05b54590b675e70a1c1d32389e5f238d\" src=\"https:\/\/truonganairporthotel.com\/wp-content\/plugins\/ultimate-responsive-image-slider\/assets\/css\/images\/blank.gif\" data-src=\"https:\/\/truonganairporthotel.com\/wp-content\/uploads\/2025\/07\/z6796313462559_05b54590b675e70a1c1d32389e5f238d.jpg\" \/>\r\n\r\n\t\t\t\t\t\t\t\r\n\t\t\t\t\t\t\t\t\t\t\t\t\t<\/div>\r\n\t\t\t\t\t\t\t\t\t\t\t\t<div class=\"sp-slide\">\r\n\t\t\t\t\t\t\t<img decoding=\"async\" class=\"sp-image\" alt=\"z6796313462445_dd450d93eadfdff3ae425a4dea017476\" src=\"https:\/\/truonganairporthotel.com\/wp-content\/plugins\/ultimate-responsive-image-slider\/assets\/css\/images\/blank.gif\" data-src=\"https:\/\/truonganairporthotel.com\/wp-content\/uploads\/2025\/07\/z6796313462445_dd450d93eadfdff3ae425a4dea017476.jpg\" \/>\r\n\r\n\t\t\t\t\t\t\t\r\n\t\t\t\t\t\t\t\t\t\t\t\t\t<\/div>\r\n\t\t\t\t\t\t\t\t\t\t\t\t<div class=\"sp-slide\">\r\n\t\t\t\t\t\t\t<img decoding=\"async\" class=\"sp-image\" alt=\"z6796313462568_6756d230e3cfc50143c288e6a33e7e9e\" src=\"https:\/\/truonganairporthotel.com\/wp-content\/plugins\/ultimate-responsive-image-slider\/assets\/css\/images\/blank.gif\" data-src=\"https:\/\/truonganairporthotel.com\/wp-content\/uploads\/2025\/07\/z6796313462568_6756d230e3cfc50143c288e6a33e7e9e.jpg\" \/>\r\n\r\n\t\t\t\t\t\t\t\r\n\t\t\t\t\t\t\t\t\t\t\t\t\t<\/div>\r\n\t\t\t\t\t\t\t\t\t\t\t\t<div class=\"sp-slide\">\r\n\t\t\t\t\t\t\t<img decoding=\"async\" class=\"sp-image\" alt=\"z6796313495141_c04b7cc6b6a74bb60e2652387140fd18\" src=\"https:\/\/truonganairporthotel.com\/wp-content\/plugins\/ultimate-responsive-image-slider\/assets\/css\/images\/blank.gif\" data-src=\"https:\/\/truonganairporthotel.com\/wp-content\/uploads\/2025\/07\/z6796313495141_c04b7cc6b6a74bb60e2652387140fd18.jpg\" \/>\r\n\r\n\t\t\t\t\t\t\t\r\n\t\t\t\t\t\t\t\t\t\t\t\t\t<\/div>\r\n\t\t\t\t\t\t\t\t\t\t\t\t<div class=\"sp-slide\">\r\n\t\t\t\t\t\t\t<img decoding=\"async\" class=\"sp-image\" alt=\"z6796313399693_747e38fe92d6f18fb447edb5305b2c38\" src=\"https:\/\/truonganairporthotel.com\/wp-content\/plugins\/ultimate-responsive-image-slider\/assets\/css\/images\/blank.gif\" data-src=\"https:\/\/truonganairporthotel.com\/wp-content\/uploads\/2025\/07\/z6796313399693_747e38fe92d6f18fb447edb5305b2c38.jpg\" \/>\r\n\r\n\t\t\t\t\t\t\t\r\n\t\t\t\t\t\t\t\t\t\t\t\t\t<\/div>\r\n\t\t\t\t\t\t\t\t\t\t\t\t<div class=\"sp-slide\">\r\n\t\t\t\t\t\t\t<img decoding=\"async\" class=\"sp-image\" alt=\"z6796313462571_9da8fa5cbe6a4a3ead4c0770efe93964\" src=\"https:\/\/truonganairporthotel.com\/wp-content\/plugins\/ultimate-responsive-image-slider\/assets\/css\/images\/blank.gif\" data-src=\"https:\/\/truonganairporthotel.com\/wp-content\/uploads\/2025\/07\/z6796313462571_9da8fa5cbe6a4a3ead4c0770efe93964.jpg\" \/>\r\n\r\n\t\t\t\t\t\t\t\r\n\t\t\t\t\t\t\t\t\t\t\t\t\t<\/div>\r\n\t\t\t\t\t\t\t\t\t\t\t\t<div class=\"sp-slide\">\r\n\t\t\t\t\t\t\t<img decoding=\"async\" class=\"sp-image\" alt=\"z6796313462567_d730803ebdb18380d12a38fd1823e025\" src=\"https:\/\/truonganairporthotel.com\/wp-content\/plugins\/ultimate-responsive-image-slider\/assets\/css\/images\/blank.gif\" data-src=\"https:\/\/truonganairporthotel.com\/wp-content\/uploads\/2025\/07\/z6796313462567_d730803ebdb18380d12a38fd1823e025.jpg\" \/>\r\n\r\n\t\t\t\t\t\t\t\r\n\t\t\t\t\t\t\t\t\t\t\t\t\t<\/div>\r\n\t\t\t\t\t\t\t\t\t\t\t\t<div class=\"sp-slide\">\r\n\t\t\t\t\t\t\t<img decoding=\"async\" class=\"sp-image\" alt=\"z6796313462569_27143d9a407cc110226cbf2487823614\" src=\"https:\/\/truonganairporthotel.com\/wp-content\/plugins\/ultimate-responsive-image-slider\/assets\/css\/images\/blank.gif\" data-src=\"https:\/\/truonganairporthotel.com\/wp-content\/uploads\/2025\/07\/z6796313462569_27143d9a407cc110226cbf2487823614.jpg\" \/>\r\n\r\n\t\t\t\t\t\t\t\r\n\t\t\t\t\t\t\t\t\t\t\t\t\t<\/div>\r\n\t\t\t\t\t\t\t\t\t\t\t\t<div class=\"sp-slide\">\r\n\t\t\t\t\t\t\t<img decoding=\"async\" class=\"sp-image\" alt=\"z6796313495142_78d1feca39f7cccff1c671226390883d\" src=\"https:\/\/truonganairporthotel.com\/wp-content\/plugins\/ultimate-responsive-image-slider\/assets\/css\/images\/blank.gif\" data-src=\"https:\/\/truonganairporthotel.com\/wp-content\/uploads\/2025\/07\/z6796313495142_78d1feca39f7cccff1c671226390883d.jpg\" \/>\r\n\r\n\t\t\t\t\t\t\t\r\n\t\t\t\t\t\t\t\t\t\t\t\t\t<\/div>\r\n\t\t\t\t\t\t\t\t\t\t\t\t<div class=\"sp-slide\">\r\n\t\t\t\t\t\t\t<img decoding=\"async\" class=\"sp-image\" alt=\"z6796313495144_8c22b957452012349ee3e6bfa3d210e6\" src=\"https:\/\/truonganairporthotel.com\/wp-content\/plugins\/ultimate-responsive-image-slider\/assets\/css\/images\/blank.gif\" data-src=\"https:\/\/truonganairporthotel.com\/wp-content\/uploads\/2025\/07\/z6796313495144_8c22b957452012349ee3e6bfa3d210e6.jpg\" \/>\r\n\r\n\t\t\t\t\t\t\t\r\n\t\t\t\t\t\t\t\t\t\t\t\t\t<\/div>\r\n\t\t\t\t\t\t\t\t\t\t\t\t<div class=\"sp-slide\">\r\n\t\t\t\t\t\t\t<img decoding=\"async\" class=\"sp-image\" alt=\"z6796313495145_79a0106a94ffcce52fd713e71a030414\" src=\"https:\/\/truonganairporthotel.com\/wp-content\/plugins\/ultimate-responsive-image-slider\/assets\/css\/images\/blank.gif\" data-src=\"https:\/\/truonganairporthotel.com\/wp-content\/uploads\/2025\/07\/z6796313495145_79a0106a94ffcce52fd713e71a030414.jpg\" \/>\r\n\r\n\t\t\t\t\t\t\t\r\n\t\t\t\t\t\t\t\t\t\t\t\t\t<\/div>\r\n\t\t\t\t\t\t\t\t\t\t\t\t<div class=\"sp-slide\">\r\n\t\t\t\t\t\t\t<img decoding=\"async\" class=\"sp-image\" alt=\"z6796313495143_71623cf3581f2bc982637c58c9709594\" src=\"https:\/\/truonganairporthotel.com\/wp-content\/plugins\/ultimate-responsive-image-slider\/assets\/css\/images\/blank.gif\" data-src=\"https:\/\/truonganairporthotel.com\/wp-content\/uploads\/2025\/07\/z6796313495143_71623cf3581f2bc982637c58c9709594.jpg\" \/>\r\n\r\n\t\t\t\t\t\t\t\r\n\t\t\t\t\t\t\t\t\t\t\t\t\t<\/div>\r\n\t\t\t\t\t\t\t\t\t<\/div>\r\n\t\t\t\r\n\t\t\t<!---- slides div end ---->\r\n\t\t\t\t\t\t<!-- slides thumbnails div start -->\r\n\t\t\t<div class=\"sp-thumbnails\">\r\n\t\t\t\t\t\t\t\t\t\t<img decoding=\"async\" class=\"sp-thumbnail\" src=\"https:\/\/truonganairporthotel.com\/wp-content\/plugins\/ultimate-responsive-image-slider\/assets\/img\/loading.gif\" data-src=\"https:\/\/truonganairporthotel.com\/wp-content\/uploads\/2025\/07\/z6796313399686_586c1c5322e5bfd8998fefc6e2c4b01c-300x197.jpg\" alt=\"z6796313399686_586c1c5322e5bfd8998fefc6e2c4b01c\"\/>\r\n\t\t\t\t\t\t\t\t\t\t\t<img decoding=\"async\" class=\"sp-thumbnail\" src=\"https:\/\/truonganairporthotel.com\/wp-content\/plugins\/ultimate-responsive-image-slider\/assets\/img\/loading.gif\" data-src=\"https:\/\/truonganairporthotel.com\/wp-content\/uploads\/2025\/07\/z6796313462557_87d1b6ec5eb5b4d19cba57c462cc1646-300x200.jpg\" alt=\"z6796313462557_87d1b6ec5eb5b4d19cba57c462cc1646\"\/>\r\n\t\t\t\t\t\t\t\t\t\t\t<img decoding=\"async\" class=\"sp-thumbnail\" src=\"https:\/\/truonganairporthotel.com\/wp-content\/plugins\/ultimate-responsive-image-slider\/assets\/img\/loading.gif\" data-src=\"https:\/\/truonganairporthotel.com\/wp-content\/uploads\/2025\/07\/z6796313462566_32d9f5f604aec40f3910b4c217e51fb3-300x200.jpg\" alt=\"z6796313462566_32d9f5f604aec40f3910b4c217e51fb3\"\/>\r\n\t\t\t\t\t\t\t\t\t\t\t<img decoding=\"async\" class=\"sp-thumbnail\" src=\"https:\/\/truonganairporthotel.com\/wp-content\/plugins\/ultimate-responsive-image-slider\/assets\/img\/loading.gif\" data-src=\"https:\/\/truonganairporthotel.com\/wp-content\/uploads\/2025\/07\/z6796313462562_55f12a22342a2e791163c4e020038501-300x200.jpg\" alt=\"z6796313462562_55f12a22342a2e791163c4e020038501\"\/>\r\n\t\t\t\t\t\t\t\t\t\t\t<img decoding=\"async\" class=\"sp-thumbnail\" src=\"https:\/\/truonganairporthotel.com\/wp-content\/plugins\/ultimate-responsive-image-slider\/assets\/img\/loading.gif\" data-src=\"https:\/\/truonganairporthotel.com\/wp-content\/uploads\/2025\/07\/z6796313462448_bfb13b561c192cb58c66ddcd681bac20-300x199.jpg\" alt=\"z6796313462448_bfb13b561c192cb58c66ddcd681bac20\"\/>\r\n\t\t\t\t\t\t\t\t\t\t\t<img decoding=\"async\" class=\"sp-thumbnail\" src=\"https:\/\/truonganairporthotel.com\/wp-content\/plugins\/ultimate-responsive-image-slider\/assets\/img\/loading.gif\" data-src=\"https:\/\/truonganairporthotel.com\/wp-content\/uploads\/2025\/07\/z6796313399692_054669f106f943677f3236218f1cfc24-300x200.jpg\" alt=\"z6796313399692_054669f106f943677f3236218f1cfc24\"\/>\r\n\t\t\t\t\t\t\t\t\t\t\t<img decoding=\"async\" class=\"sp-thumbnail\" src=\"https:\/\/truonganairporthotel.com\/wp-content\/plugins\/ultimate-responsive-image-slider\/assets\/img\/loading.gif\" data-src=\"https:\/\/truonganairporthotel.com\/wp-content\/uploads\/2025\/07\/z6796313462563_ff9f6334fa3f31365c1e6fcd72bc6ff8-300x200.jpg\" alt=\"z6796313462563_ff9f6334fa3f31365c1e6fcd72bc6ff8\"\/>\r\n\t\t\t\t\t\t\t\t\t\t\t<img decoding=\"async\" class=\"sp-thumbnail\" src=\"https:\/\/truonganairporthotel.com\/wp-content\/plugins\/ultimate-responsive-image-slider\/assets\/img\/loading.gif\" data-src=\"https:\/\/truonganairporthotel.com\/wp-content\/uploads\/2025\/07\/z6796313462559_05b54590b675e70a1c1d32389e5f238d-300x200.jpg\" alt=\"z6796313462559_05b54590b675e70a1c1d32389e5f238d\"\/>\r\n\t\t\t\t\t\t\t\t\t\t\t<img decoding=\"async\" class=\"sp-thumbnail\" src=\"https:\/\/truonganairporthotel.com\/wp-content\/plugins\/ultimate-responsive-image-slider\/assets\/img\/loading.gif\" data-src=\"https:\/\/truonganairporthotel.com\/wp-content\/uploads\/2025\/07\/z6796313462445_dd450d93eadfdff3ae425a4dea017476-300x200.jpg\" alt=\"z6796313462445_dd450d93eadfdff3ae425a4dea017476\"\/>\r\n\t\t\t\t\t\t\t\t\t\t\t<img decoding=\"async\" class=\"sp-thumbnail\" src=\"https:\/\/truonganairporthotel.com\/wp-content\/plugins\/ultimate-responsive-image-slider\/assets\/img\/loading.gif\" data-src=\"https:\/\/truonganairporthotel.com\/wp-content\/uploads\/2025\/07\/z6796313462568_6756d230e3cfc50143c288e6a33e7e9e-300x200.jpg\" alt=\"z6796313462568_6756d230e3cfc50143c288e6a33e7e9e\"\/>\r\n\t\t\t\t\t\t\t\t\t\t\t<img decoding=\"async\" class=\"sp-thumbnail\" src=\"https:\/\/truonganairporthotel.com\/wp-content\/plugins\/ultimate-responsive-image-slider\/assets\/img\/loading.gif\" data-src=\"https:\/\/truonganairporthotel.com\/wp-content\/uploads\/2025\/07\/z6796313495141_c04b7cc6b6a74bb60e2652387140fd18-200x300.jpg\" alt=\"z6796313495141_c04b7cc6b6a74bb60e2652387140fd18\"\/>\r\n\t\t\t\t\t\t\t\t\t\t\t<img decoding=\"async\" class=\"sp-thumbnail\" src=\"https:\/\/truonganairporthotel.com\/wp-content\/plugins\/ultimate-responsive-image-slider\/assets\/img\/loading.gif\" data-src=\"https:\/\/truonganairporthotel.com\/wp-content\/uploads\/2025\/07\/z6796313399693_747e38fe92d6f18fb447edb5305b2c38-200x300.jpg\" alt=\"z6796313399693_747e38fe92d6f18fb447edb5305b2c38\"\/>\r\n\t\t\t\t\t\t\t\t\t\t\t<img decoding=\"async\" class=\"sp-thumbnail\" src=\"https:\/\/truonganairporthotel.com\/wp-content\/plugins\/ultimate-responsive-image-slider\/assets\/img\/loading.gif\" data-src=\"https:\/\/truonganairporthotel.com\/wp-content\/uploads\/2025\/07\/z6796313462571_9da8fa5cbe6a4a3ead4c0770efe93964-300x200.jpg\" alt=\"z6796313462571_9da8fa5cbe6a4a3ead4c0770efe93964\"\/>\r\n\t\t\t\t\t\t\t\t\t\t\t<img decoding=\"async\" class=\"sp-thumbnail\" src=\"https:\/\/truonganairporthotel.com\/wp-content\/plugins\/ultimate-responsive-image-slider\/assets\/img\/loading.gif\" data-src=\"https:\/\/truonganairporthotel.com\/wp-content\/uploads\/2025\/07\/z6796313462567_d730803ebdb18380d12a38fd1823e025-300x200.jpg\" alt=\"z6796313462567_d730803ebdb18380d12a38fd1823e025\"\/>\r\n\t\t\t\t\t\t\t\t\t\t\t<img decoding=\"async\" class=\"sp-thumbnail\" src=\"https:\/\/truonganairporthotel.com\/wp-content\/plugins\/ultimate-responsive-image-slider\/assets\/img\/loading.gif\" data-src=\"https:\/\/truonganairporthotel.com\/wp-content\/uploads\/2025\/07\/z6796313462569_27143d9a407cc110226cbf2487823614-300x200.jpg\" alt=\"z6796313462569_27143d9a407cc110226cbf2487823614\"\/>\r\n\t\t\t\t\t\t\t\t\t\t\t<img decoding=\"async\" class=\"sp-thumbnail\" src=\"https:\/\/truonganairporthotel.com\/wp-content\/plugins\/ultimate-responsive-image-slider\/assets\/img\/loading.gif\" data-src=\"https:\/\/truonganairporthotel.com\/wp-content\/uploads\/2025\/07\/z6796313495142_78d1feca39f7cccff1c671226390883d-300x200.jpg\" alt=\"z6796313495142_78d1feca39f7cccff1c671226390883d\"\/>\r\n\t\t\t\t\t\t\t\t\t\t\t<img decoding=\"async\" class=\"sp-thumbnail\" src=\"https:\/\/truonganairporthotel.com\/wp-content\/plugins\/ultimate-responsive-image-slider\/assets\/img\/loading.gif\" data-src=\"https:\/\/truonganairporthotel.com\/wp-content\/uploads\/2025\/07\/z6796313495144_8c22b957452012349ee3e6bfa3d210e6-225x300.jpg\" alt=\"z6796313495144_8c22b957452012349ee3e6bfa3d210e6\"\/>\r\n\t\t\t\t\t\t\t\t\t\t\t<img decoding=\"async\" class=\"sp-thumbnail\" src=\"https:\/\/truonganairporthotel.com\/wp-content\/plugins\/ultimate-responsive-image-slider\/assets\/img\/loading.gif\" data-src=\"https:\/\/truonganairporthotel.com\/wp-content\/uploads\/2025\/07\/z6796313495145_79a0106a94ffcce52fd713e71a030414-300x200.jpg\" alt=\"z6796313495145_79a0106a94ffcce52fd713e71a030414\"\/>\r\n\t\t\t\t\t\t\t\t\t\t\t<img decoding=\"async\" class=\"sp-thumbnail\" src=\"https:\/\/truonganairporthotel.com\/wp-content\/plugins\/ultimate-responsive-image-slider\/assets\/img\/loading.gif\" data-src=\"https:\/\/truonganairporthotel.com\/wp-content\/uploads\/2025\/07\/z6796313495143_71623cf3581f2bc982637c58c9709594-300x200.jpg\" alt=\"z6796313495143_71623cf3581f2bc982637c58c9709594\"\/>\r\n\t\t\t\t\t\t\t\t<\/div>\r\n\t\t\t\t\t\t<!-- slides thumbnails div end -->\r\n\t\t<\/div>\r\n\n\n\n<p><!-- \/wp:post-content --><\/p>","protected":false},"excerpt":{"rendered":"<p>Kh\u00e1ch s\u1ea1n Tr\u01b0\u1eddng An N\u1eb1m c\u00e1ch KCN Quang Minh 0,5km, c\u00e1ch S\u00e2n Bay N\u1ed9i B\u00e0i &#8230; <\/p>\n<div class=\"text-center\"><a class=\"more-link\" href=\"https:\/\/truonganairporthotel.com\/?p=157\">Read More<\/a><\/div>\n","protected":false},"author":1,"featured_media":0,"parent":0,"menu_order":0,"comment_status":"closed","ping_status":"closed","template":"template-homepage.php","meta":{"footnotes":""},"class_list":["post-70","page","type-page","status-publish","hentry"],"_links":{"self":[{"href":"https:\/\/truonganairporthotel.com\/index.php\/wp-json\/wp\/v2\/pages\/70","targetHints":{"allow":["GET"]}}],"collection":[{"href":"https:\/\/truonganairporthotel.com\/index.php\/wp-json\/wp\/v2\/pages"}],"about":[{"href":"https:\/\/truonganairporthotel.com\/index.php\/wp-json\/wp\/v2\/types\/page"}],"author":[{"embeddable":true,"href":"https:\/\/truonganairporthotel.com\/index.php\/wp-json\/wp\/v2\/users\/1"}],"replies":[{"embeddable":true,"href":"https:\/\/truonganairporthotel.com\/index.php\/wp-json\/wp\/v2\/comments?post=70"}],"version-history":[{"count":38,"href":"https:\/\/truonganairporthotel.com\/index.php\/wp-json\/wp\/v2\/pages\/70\/revisions"}],"predecessor-version":[{"id":255,"href":"https:\/\/truonganairporthotel.com\/index.php\/wp-json\/wp\/v2\/pages\/70\/revisions\/255"}],"wp:attachment":[{"href":"https:\/\/truonganairporthotel.com\/index.php\/wp-json\/wp\/v2\/media?parent=70"}],"curies":[{"name":"wp","href":"https:\/\/api.w.org\/{rel}","templated":true}]}}